{"id":226,"date":"2021-03-24T14:04:58","date_gmt":"2021-03-24T13:04:58","guid":{"rendered":"https:\/\/almenland.reisinger.st\/wp-shop\/?post_type=product&#038;p=226"},"modified":"2025-04-16T11:12:52","modified_gmt":"2025-04-16T09:12:52","slug":"reisinger-kaffee-hausmischung","status":"publish","type":"product","link":"https:\/\/almenland.reisinger.st\/shop\/produkt\/reisinger-kaffee-hausmischung\/","title":{"rendered":"Reisinger Kaffee Hausmischung"},"content":{"rendered":"<p>Der Rohkaffee wird in ausgew\u00e4hlten Anbaul\u00e4ndern eingekauft und stammt aus frischen Ernten.<\/p>\n<p>Die Hausmischung, der Klassiker f\u00fcr den t\u00e4glichen Kaffeegenuss.<\/p>\n<p>Geschmack: Harmonischer Blend von Kaffee aus Costa Rica und Brasilien. Ausgewogener Fr\u00fchst\u00fccks-Kaffee. Ger\u00f6stet wird in kleinen Einheiten in der hauseigenen R\u00f6sterei im Kaufhaus Reisinger, vom Chef des Hauses Andreas Reisinger. Schonend und mit viel menschlichem Feingef\u00fchl f\u00fcr R\u00f6stdauer und Ausgewogenheit. F\u00fcr Filter, Bodum und Kaffeemaschine.<\/p>\n<p>Aluminiumfreie Verpackung sorgt f\u00fcr beste Qualit\u00e4t und Nachhaltigkeit.<\/p>\n","protected":false},"excerpt":{"rendered":"<p>500 g<\/p>\n<p>Der Klassiker f\u00fcr den t\u00e4glichen Kaffeegenuss.<\/p>\n<p>F\u00fcr Filter, Bodum und Kaffeemaschine.<\/p>\n","protected":false},"featured_media":227,"template":"","meta":{"_acf_changed":false},"product_brand":[],"product_cat":[32],"product_tag":[76,74,75],"class_list":{"0":"post-226","1":"product","2":"type-product","3":"status-publish","4":"has-post-thumbnail","6":"product_cat-kaffee","7":"product_tag-eigenroestung","8":"product_tag-kaffee","9":"product_tag-roestkaffee","11":"first","12":"instock","13":"taxable","14":"shipping-taxable","15":"purchasable","16":"product-type-simple"},"acf":[],"yoast_head":"<!-- This site is optimized with the Yoast SEO plugin v27.0 - https:\/\/yoast.com\/product\/yoast-seo-wordpress\/ -->\n<title>Reisinger Kaffee Hausmischung &#8212; Almenland Shop Reisinger<\/title>\n<meta name=\"robots\" content=\"index, follow, max-snippet:-1, max-image-preview:large, max-video-preview:-1\" \/>\n<link rel=\"canonical\" href=\"https:\/\/almenland.reisinger.st\/shop\/produkt\/reisinger-kaffee-hausmischung\/\" \/>\n<meta property=\"og:locale\" content=\"de_DE\" \/>\n<meta property=\"og:type\" content=\"article\" \/>\n<meta property=\"og:title\" content=\"Reisinger Kaffee Hausmischung &#8212; Almenland Shop Reisinger\" \/>\n<meta property=\"og:description\" content=\"500 g  Der Klassiker f\u00fcr den t\u00e4glichen Kaffeegenuss.  F\u00fcr Filter, Bodum und Kaffeemaschine.\" \/>\n<meta property=\"og:url\" content=\"https:\/\/almenland.reisinger.st\/shop\/produkt\/reisinger-kaffee-hausmischung\/\" \/>\n<meta property=\"og:site_name\" content=\"Almenland Shop Reisinger\" \/>\n<meta property=\"article:publisher\" content=\"https:\/\/www.facebook.com\/Reisinger-Kaufhaus-116756108344807\/\" \/>\n<meta property=\"article:modified_time\" content=\"2025-04-16T09:12:52+00:00\" \/>\n<meta property=\"og:image\" content=\"https:\/\/almenland.reisinger.st\/shop\/wp-content\/uploads\/2021\/03\/Kaffee_Hausmischung_Reisinger_500g.jpg\" \/>\n\t<meta property=\"og:image:width\" content=\"2362\" \/>\n\t<meta property=\"og:image:height\" content=\"2362\" \/>\n\t<meta property=\"og:image:type\" content=\"image\/jpeg\" \/>\n<meta name=\"twitter:card\" content=\"summary_large_image\" \/>\n<meta name=\"twitter:label1\" content=\"Gesch\u00e4tzte Lesezeit\" \/>\n\t<meta name=\"twitter:data1\" content=\"1\u00a0Minute\" \/>\n<script type=\"application\/ld+json\" class=\"yoast-schema-graph\">{\"@context\":\"https:\/\/schema.org\",\"@graph\":[{\"@type\":\"WebPage\",\"@id\":\"https:\/\/almenland.reisinger.st\/shop\/produkt\/reisinger-kaffee-hausmischung\/\",\"url\":\"https:\/\/almenland.reisinger.st\/shop\/produkt\/reisinger-kaffee-hausmischung\/\",\"name\":\"Reisinger Kaffee Hausmischung &#8212; Almenland Shop Reisinger\",\"isPartOf\":{\"@id\":\"https:\/\/almenland.reisinger.st\/shop\/#website\"},\"primaryImageOfPage\":{\"@id\":\"https:\/\/almenland.reisinger.st\/shop\/produkt\/reisinger-kaffee-hausmischung\/#primaryimage\"},\"image\":{\"@id\":\"https:\/\/almenland.reisinger.st\/shop\/produkt\/reisinger-kaffee-hausmischung\/#primaryimage\"},\"thumbnailUrl\":\"https:\/\/almenland.reisinger.st\/shop\/wp-content\/uploads\/2021\/03\/Kaffee_Hausmischung_Reisinger_500g.jpg\",\"datePublished\":\"2021-03-24T13:04:58+00:00\",\"dateModified\":\"2025-04-16T09:12:52+00:00\",\"breadcrumb\":{\"@id\":\"https:\/\/almenland.reisinger.st\/shop\/produkt\/reisinger-kaffee-hausmischung\/#breadcrumb\"},\"inLanguage\":\"de\",\"potentialAction\":[{\"@type\":\"ReadAction\",\"target\":[\"https:\/\/almenland.reisinger.st\/shop\/produkt\/reisinger-kaffee-hausmischung\/\"]}]},{\"@type\":\"ImageObject\",\"inLanguage\":\"de\",\"@id\":\"https:\/\/almenland.reisinger.st\/shop\/produkt\/reisinger-kaffee-hausmischung\/#primaryimage\",\"url\":\"https:\/\/almenland.reisinger.st\/shop\/wp-content\/uploads\/2021\/03\/Kaffee_Hausmischung_Reisinger_500g.jpg\",\"contentUrl\":\"https:\/\/almenland.reisinger.st\/shop\/wp-content\/uploads\/2021\/03\/Kaffee_Hausmischung_Reisinger_500g.jpg\",\"width\":2362,\"height\":2362},{\"@type\":\"BreadcrumbList\",\"@id\":\"https:\/\/almenland.reisinger.st\/shop\/produkt\/reisinger-kaffee-hausmischung\/#breadcrumb\",\"itemListElement\":[{\"@type\":\"ListItem\",\"position\":1,\"name\":\"Startseite\",\"item\":\"https:\/\/almenland.reisinger.st\/shop\/\"},{\"@type\":\"ListItem\",\"position\":2,\"name\":\"Shop\",\"item\":\"https:\/\/almenland.reisinger.st\/shop\/shop\/\"},{\"@type\":\"ListItem\",\"position\":3,\"name\":\"Reisinger Kaffee Hausmischung\"}]},{\"@type\":\"WebSite\",\"@id\":\"https:\/\/almenland.reisinger.st\/shop\/#website\",\"url\":\"https:\/\/almenland.reisinger.st\/shop\/\",\"name\":\"Almenland Shop Reisinger\",\"description\":\"Eine weitere WordPress-Website\",\"publisher\":{\"@id\":\"https:\/\/almenland.reisinger.st\/shop\/#organization\"},\"potentialAction\":[{\"@type\":\"SearchAction\",\"target\":{\"@type\":\"EntryPoint\",\"urlTemplate\":\"https:\/\/almenland.reisinger.st\/shop\/?s={search_term_string}\"},\"query-input\":{\"@type\":\"PropertyValueSpecification\",\"valueRequired\":true,\"valueName\":\"search_term_string\"}}],\"inLanguage\":\"de\"},{\"@type\":\"Organization\",\"@id\":\"https:\/\/almenland.reisinger.st\/shop\/#organization\",\"name\":\"Almenland - Kaufhaus Reisinger\",\"url\":\"https:\/\/almenland.reisinger.st\/shop\/\",\"logo\":{\"@type\":\"ImageObject\",\"inLanguage\":\"de\",\"@id\":\"https:\/\/almenland.reisinger.st\/shop\/#\/schema\/logo\/image\/\",\"url\":\"https:\/\/almenland.reisinger.st\/shop\/wp-content\/uploads\/2021\/01\/reisinger-logo.png\",\"contentUrl\":\"https:\/\/almenland.reisinger.st\/shop\/wp-content\/uploads\/2021\/01\/reisinger-logo.png\",\"width\":259,\"height\":60,\"caption\":\"Almenland - Kaufhaus Reisinger\"},\"image\":{\"@id\":\"https:\/\/almenland.reisinger.st\/shop\/#\/schema\/logo\/image\/\"},\"sameAs\":[\"https:\/\/www.facebook.com\/Reisinger-Kaufhaus-116756108344807\/\",\"https:\/\/www.instagram.com\/reisingerkaufhaus\"]}]}<\/script>\n<!-- \/ Yoast SEO plugin. -->","yoast_head_json":{"title":"Reisinger Kaffee Hausmischung &#8212; Almenland Shop Reisinger","robots":{"index":"index","follow":"follow","max-snippet":"max-snippet:-1","max-image-preview":"max-image-preview:large","max-video-preview":"max-video-preview:-1"},"canonical":"https:\/\/almenland.reisinger.st\/shop\/produkt\/reisinger-kaffee-hausmischung\/","og_locale":"de_DE","og_type":"article","og_title":"Reisinger Kaffee Hausmischung &#8212; Almenland Shop Reisinger","og_description":"500 g  Der Klassiker f\u00fcr den t\u00e4glichen Kaffeegenuss.  F\u00fcr Filter, Bodum und Kaffeemaschine.","og_url":"https:\/\/almenland.reisinger.st\/shop\/produkt\/reisinger-kaffee-hausmischung\/","og_site_name":"Almenland Shop Reisinger","article_publisher":"https:\/\/www.facebook.com\/Reisinger-Kaufhaus-116756108344807\/","article_modified_time":"2025-04-16T09:12:52+00:00","og_image":[{"width":2362,"height":2362,"url":"https:\/\/almenland.reisinger.st\/shop\/wp-content\/uploads\/2021\/03\/Kaffee_Hausmischung_Reisinger_500g.jpg","type":"image\/jpeg"}],"twitter_card":"summary_large_image","twitter_misc":{"Gesch\u00e4tzte Lesezeit":"1\u00a0Minute"},"schema":{"@context":"https:\/\/schema.org","@graph":[{"@type":"WebPage","@id":"https:\/\/almenland.reisinger.st\/shop\/produkt\/reisinger-kaffee-hausmischung\/","url":"https:\/\/almenland.reisinger.st\/shop\/produkt\/reisinger-kaffee-hausmischung\/","name":"Reisinger Kaffee Hausmischung &#8212; Almenland Shop Reisinger","isPartOf":{"@id":"https:\/\/almenland.reisinger.st\/shop\/#website"},"primaryImageOfPage":{"@id":"https:\/\/almenland.reisinger.st\/shop\/produkt\/reisinger-kaffee-hausmischung\/#primaryimage"},"image":{"@id":"https:\/\/almenland.reisinger.st\/shop\/produkt\/reisinger-kaffee-hausmischung\/#primaryimage"},"thumbnailUrl":"https:\/\/almenland.reisinger.st\/shop\/wp-content\/uploads\/2021\/03\/Kaffee_Hausmischung_Reisinger_500g.jpg","datePublished":"2021-03-24T13:04:58+00:00","dateModified":"2025-04-16T09:12:52+00:00","breadcrumb":{"@id":"https:\/\/almenland.reisinger.st\/shop\/produkt\/reisinger-kaffee-hausmischung\/#breadcrumb"},"inLanguage":"de","potentialAction":[{"@type":"ReadAction","target":["https:\/\/almenland.reisinger.st\/shop\/produkt\/reisinger-kaffee-hausmischung\/"]}]},{"@type":"ImageObject","inLanguage":"de","@id":"https:\/\/almenland.reisinger.st\/shop\/produkt\/reisinger-kaffee-hausmischung\/#primaryimage","url":"https:\/\/almenland.reisinger.st\/shop\/wp-content\/uploads\/2021\/03\/Kaffee_Hausmischung_Reisinger_500g.jpg","contentUrl":"https:\/\/almenland.reisinger.st\/shop\/wp-content\/uploads\/2021\/03\/Kaffee_Hausmischung_Reisinger_500g.jpg","width":2362,"height":2362},{"@type":"BreadcrumbList","@id":"https:\/\/almenland.reisinger.st\/shop\/produkt\/reisinger-kaffee-hausmischung\/#breadcrumb","itemListElement":[{"@type":"ListItem","position":1,"name":"Startseite","item":"https:\/\/almenland.reisinger.st\/shop\/"},{"@type":"ListItem","position":2,"name":"Shop","item":"https:\/\/almenland.reisinger.st\/shop\/shop\/"},{"@type":"ListItem","position":3,"name":"Reisinger Kaffee Hausmischung"}]},{"@type":"WebSite","@id":"https:\/\/almenland.reisinger.st\/shop\/#website","url":"https:\/\/almenland.reisinger.st\/shop\/","name":"Almenland Shop Reisinger","description":"Eine weitere WordPress-Website","publisher":{"@id":"https:\/\/almenland.reisinger.st\/shop\/#organization"},"potentialAction":[{"@type":"SearchAction","target":{"@type":"EntryPoint","urlTemplate":"https:\/\/almenland.reisinger.st\/shop\/?s={search_term_string}"},"query-input":{"@type":"PropertyValueSpecification","valueRequired":true,"valueName":"search_term_string"}}],"inLanguage":"de"},{"@type":"Organization","@id":"https:\/\/almenland.reisinger.st\/shop\/#organization","name":"Almenland - Kaufhaus Reisinger","url":"https:\/\/almenland.reisinger.st\/shop\/","logo":{"@type":"ImageObject","inLanguage":"de","@id":"https:\/\/almenland.reisinger.st\/shop\/#\/schema\/logo\/image\/","url":"https:\/\/almenland.reisinger.st\/shop\/wp-content\/uploads\/2021\/01\/reisinger-logo.png","contentUrl":"https:\/\/almenland.reisinger.st\/shop\/wp-content\/uploads\/2021\/01\/reisinger-logo.png","width":259,"height":60,"caption":"Almenland - Kaufhaus Reisinger"},"image":{"@id":"https:\/\/almenland.reisinger.st\/shop\/#\/schema\/logo\/image\/"},"sameAs":["https:\/\/www.facebook.com\/Reisinger-Kaufhaus-116756108344807\/","https:\/\/www.instagram.com\/reisingerkaufhaus"]}]}},"_links":{"self":[{"href":"https:\/\/almenland.reisinger.st\/shop\/wp-json\/wp\/v2\/product\/226","targetHints":{"allow":["GET"]}}],"collection":[{"href":"https:\/\/almenland.reisinger.st\/shop\/wp-json\/wp\/v2\/product"}],"about":[{"href":"https:\/\/almenland.reisinger.st\/shop\/wp-json\/wp\/v2\/types\/product"}],"wp:featuredmedia":[{"embeddable":true,"href":"https:\/\/almenland.reisinger.st\/shop\/wp-json\/wp\/v2\/media\/227"}],"wp:attachment":[{"href":"https:\/\/almenland.reisinger.st\/shop\/wp-json\/wp\/v2\/media?parent=226"}],"wp:term":[{"taxonomy":"product_brand","embeddable":true,"href":"https:\/\/almenland.reisinger.st\/shop\/wp-json\/wp\/v2\/product_brand?post=226"},{"taxonomy":"product_cat","embeddable":true,"href":"https:\/\/almenland.reisinger.st\/shop\/wp-json\/wp\/v2\/product_cat?post=226"},{"taxonomy":"product_tag","embeddable":true,"href":"https:\/\/almenland.reisinger.st\/shop\/wp-json\/wp\/v2\/product_tag?post=226"}],"curies":[{"name":"wp","href":"https:\/\/api.w.org\/{rel}","templated":true}]}}