{"id":318,"date":"2021-07-07T16:12:08","date_gmt":"2021-07-07T14:12:08","guid":{"rendered":"https:\/\/almenland.reisinger.st\/wp-shop\/?post_type=product&#038;p=318"},"modified":"2026-02-19T14:02:43","modified_gmt":"2026-02-19T13:02:43","slug":"bluetenhonig-harrer","status":"publish","type":"product","link":"https:\/\/almenland.reisinger.st\/shop\/produkt\/bluetenhonig-harrer\/","title":{"rendered":"Steirischer Bl\u00fctenhonig"},"content":{"rendered":"<p>Aus der gro\u00dfen Bl\u00fctenvielfalt im Almenland wird der Honig von Harrer aus dem Bl\u00fctennektar gewonnen. Und das schmeckt man. Honig wird eine entz\u00fcndungshemmende Wirkung nachgesagt. Er st\u00e4rkt das Immunsystem und schmeckt k\u00f6stlich \u2013 nicht nur zum Butterbrot, sondern auch im Tee oder im selbstgemachten Porridge.<\/p>\n","protected":false},"excerpt":{"rendered":"<p>500 g<\/p>\n<p>Herkunft: Andreas Harrer, Tulwitz\/Fladnitz a.d. Teichalm<\/p>\n","protected":false},"featured_media":319,"template":"","meta":{"_acf_changed":false},"product_brand":[],"product_cat":[15],"product_tag":[68,92,67,91],"class_list":{"0":"post-318","1":"product","2":"type-product","3":"status-publish","4":"has-post-thumbnail","6":"product_cat-honigprodukte","7":"product_tag-almenland","8":"product_tag-bluetenhonig","9":"product_tag-honig","10":"product_tag-naturpark","12":"first","13":"outofstock","14":"taxable","15":"shipping-taxable","16":"purchasable","17":"product-type-simple"},"acf":[],"yoast_head":"<!-- This site is optimized with the Yoast SEO plugin v27.0 - https:\/\/yoast.com\/product\/yoast-seo-wordpress\/ -->\n<title>Steirischer Bl\u00fctenhonig &#8212; Almenland Shop Reisinger<\/title>\n<meta name=\"robots\" content=\"index, follow, max-snippet:-1, max-image-preview:large, max-video-preview:-1\" \/>\n<link rel=\"canonical\" href=\"https:\/\/almenland.reisinger.st\/shop\/produkt\/bluetenhonig-harrer\/\" \/>\n<meta property=\"og:locale\" content=\"de_DE\" \/>\n<meta property=\"og:type\" content=\"article\" \/>\n<meta property=\"og:title\" content=\"Steirischer Bl\u00fctenhonig &#8212; Almenland Shop Reisinger\" \/>\n<meta property=\"og:description\" content=\"500 g  Herkunft: Andreas Harrer, Tulwitz\/Fladnitz a.d. Teichalm\" \/>\n<meta property=\"og:url\" content=\"https:\/\/almenland.reisinger.st\/shop\/produkt\/bluetenhonig-harrer\/\" \/>\n<meta property=\"og:site_name\" content=\"Almenland Shop Reisinger\" \/>\n<meta property=\"article:publisher\" content=\"https:\/\/www.facebook.com\/Reisinger-Kaufhaus-116756108344807\/\" \/>\n<meta property=\"article:modified_time\" content=\"2026-02-19T13:02:43+00:00\" \/>\n<meta property=\"og:image\" content=\"https:\/\/almenland.reisinger.st\/shop\/wp-content\/uploads\/2021\/04\/Bluetenhonig_Harrer_500g.jpg\" \/>\n\t<meta property=\"og:image:width\" content=\"2362\" \/>\n\t<meta property=\"og:image:height\" content=\"2362\" \/>\n\t<meta property=\"og:image:type\" content=\"image\/jpeg\" \/>\n<meta name=\"twitter:card\" content=\"summary_large_image\" \/>\n<meta name=\"twitter:label1\" content=\"Gesch\u00e4tzte Lesezeit\" \/>\n\t<meta name=\"twitter:data1\" content=\"1\u00a0Minute\" \/>\n<script type=\"application\/ld+json\" class=\"yoast-schema-graph\">{\"@context\":\"https:\/\/schema.org\",\"@graph\":[{\"@type\":\"WebPage\",\"@id\":\"https:\/\/almenland.reisinger.st\/shop\/produkt\/bluetenhonig-harrer\/\",\"url\":\"https:\/\/almenland.reisinger.st\/shop\/produkt\/bluetenhonig-harrer\/\",\"name\":\"Steirischer Bl\u00fctenhonig &#8212; Almenland Shop Reisinger\",\"isPartOf\":{\"@id\":\"https:\/\/almenland.reisinger.st\/shop\/#website\"},\"primaryImageOfPage\":{\"@id\":\"https:\/\/almenland.reisinger.st\/shop\/produkt\/bluetenhonig-harrer\/#primaryimage\"},\"image\":{\"@id\":\"https:\/\/almenland.reisinger.st\/shop\/produkt\/bluetenhonig-harrer\/#primaryimage\"},\"thumbnailUrl\":\"https:\/\/almenland.reisinger.st\/shop\/wp-content\/uploads\/2021\/04\/Bluetenhonig_Harrer_500g.jpg\",\"datePublished\":\"2021-07-07T14:12:08+00:00\",\"dateModified\":\"2026-02-19T13:02:43+00:00\",\"breadcrumb\":{\"@id\":\"https:\/\/almenland.reisinger.st\/shop\/produkt\/bluetenhonig-harrer\/#breadcrumb\"},\"inLanguage\":\"de\",\"potentialAction\":[{\"@type\":\"ReadAction\",\"target\":[\"https:\/\/almenland.reisinger.st\/shop\/produkt\/bluetenhonig-harrer\/\"]}]},{\"@type\":\"ImageObject\",\"inLanguage\":\"de\",\"@id\":\"https:\/\/almenland.reisinger.st\/shop\/produkt\/bluetenhonig-harrer\/#primaryimage\",\"url\":\"https:\/\/almenland.reisinger.st\/shop\/wp-content\/uploads\/2021\/04\/Bluetenhonig_Harrer_500g.jpg\",\"contentUrl\":\"https:\/\/almenland.reisinger.st\/shop\/wp-content\/uploads\/2021\/04\/Bluetenhonig_Harrer_500g.jpg\",\"width\":2362,\"height\":2362},{\"@type\":\"BreadcrumbList\",\"@id\":\"https:\/\/almenland.reisinger.st\/shop\/produkt\/bluetenhonig-harrer\/#breadcrumb\",\"itemListElement\":[{\"@type\":\"ListItem\",\"position\":1,\"name\":\"Startseite\",\"item\":\"https:\/\/almenland.reisinger.st\/shop\/\"},{\"@type\":\"ListItem\",\"position\":2,\"name\":\"Shop\",\"item\":\"https:\/\/almenland.reisinger.st\/shop\/shop\/\"},{\"@type\":\"ListItem\",\"position\":3,\"name\":\"Steirischer Bl\u00fctenhonig\"}]},{\"@type\":\"WebSite\",\"@id\":\"https:\/\/almenland.reisinger.st\/shop\/#website\",\"url\":\"https:\/\/almenland.reisinger.st\/shop\/\",\"name\":\"Almenland Shop Reisinger\",\"description\":\"Eine weitere WordPress-Website\",\"publisher\":{\"@id\":\"https:\/\/almenland.reisinger.st\/shop\/#organization\"},\"potentialAction\":[{\"@type\":\"SearchAction\",\"target\":{\"@type\":\"EntryPoint\",\"urlTemplate\":\"https:\/\/almenland.reisinger.st\/shop\/?s={search_term_string}\"},\"query-input\":{\"@type\":\"PropertyValueSpecification\",\"valueRequired\":true,\"valueName\":\"search_term_string\"}}],\"inLanguage\":\"de\"},{\"@type\":\"Organization\",\"@id\":\"https:\/\/almenland.reisinger.st\/shop\/#organization\",\"name\":\"Almenland - Kaufhaus Reisinger\",\"url\":\"https:\/\/almenland.reisinger.st\/shop\/\",\"logo\":{\"@type\":\"ImageObject\",\"inLanguage\":\"de\",\"@id\":\"https:\/\/almenland.reisinger.st\/shop\/#\/schema\/logo\/image\/\",\"url\":\"https:\/\/almenland.reisinger.st\/shop\/wp-content\/uploads\/2021\/01\/reisinger-logo.png\",\"contentUrl\":\"https:\/\/almenland.reisinger.st\/shop\/wp-content\/uploads\/2021\/01\/reisinger-logo.png\",\"width\":259,\"height\":60,\"caption\":\"Almenland - Kaufhaus Reisinger\"},\"image\":{\"@id\":\"https:\/\/almenland.reisinger.st\/shop\/#\/schema\/logo\/image\/\"},\"sameAs\":[\"https:\/\/www.facebook.com\/Reisinger-Kaufhaus-116756108344807\/\",\"https:\/\/www.instagram.com\/reisingerkaufhaus\"]}]}<\/script>\n<!-- \/ Yoast SEO plugin. -->","yoast_head_json":{"title":"Steirischer Bl\u00fctenhonig &#8212; Almenland Shop Reisinger","robots":{"index":"index","follow":"follow","max-snippet":"max-snippet:-1","max-image-preview":"max-image-preview:large","max-video-preview":"max-video-preview:-1"},"canonical":"https:\/\/almenland.reisinger.st\/shop\/produkt\/bluetenhonig-harrer\/","og_locale":"de_DE","og_type":"article","og_title":"Steirischer Bl\u00fctenhonig &#8212; Almenland Shop Reisinger","og_description":"500 g  Herkunft: Andreas Harrer, Tulwitz\/Fladnitz a.d. Teichalm","og_url":"https:\/\/almenland.reisinger.st\/shop\/produkt\/bluetenhonig-harrer\/","og_site_name":"Almenland Shop Reisinger","article_publisher":"https:\/\/www.facebook.com\/Reisinger-Kaufhaus-116756108344807\/","article_modified_time":"2026-02-19T13:02:43+00:00","og_image":[{"width":2362,"height":2362,"url":"https:\/\/almenland.reisinger.st\/shop\/wp-content\/uploads\/2021\/04\/Bluetenhonig_Harrer_500g.jpg","type":"image\/jpeg"}],"twitter_card":"summary_large_image","twitter_misc":{"Gesch\u00e4tzte Lesezeit":"1\u00a0Minute"},"schema":{"@context":"https:\/\/schema.org","@graph":[{"@type":"WebPage","@id":"https:\/\/almenland.reisinger.st\/shop\/produkt\/bluetenhonig-harrer\/","url":"https:\/\/almenland.reisinger.st\/shop\/produkt\/bluetenhonig-harrer\/","name":"Steirischer Bl\u00fctenhonig &#8212; Almenland Shop Reisinger","isPartOf":{"@id":"https:\/\/almenland.reisinger.st\/shop\/#website"},"primaryImageOfPage":{"@id":"https:\/\/almenland.reisinger.st\/shop\/produkt\/bluetenhonig-harrer\/#primaryimage"},"image":{"@id":"https:\/\/almenland.reisinger.st\/shop\/produkt\/bluetenhonig-harrer\/#primaryimage"},"thumbnailUrl":"https:\/\/almenland.reisinger.st\/shop\/wp-content\/uploads\/2021\/04\/Bluetenhonig_Harrer_500g.jpg","datePublished":"2021-07-07T14:12:08+00:00","dateModified":"2026-02-19T13:02:43+00:00","breadcrumb":{"@id":"https:\/\/almenland.reisinger.st\/shop\/produkt\/bluetenhonig-harrer\/#breadcrumb"},"inLanguage":"de","potentialAction":[{"@type":"ReadAction","target":["https:\/\/almenland.reisinger.st\/shop\/produkt\/bluetenhonig-harrer\/"]}]},{"@type":"ImageObject","inLanguage":"de","@id":"https:\/\/almenland.reisinger.st\/shop\/produkt\/bluetenhonig-harrer\/#primaryimage","url":"https:\/\/almenland.reisinger.st\/shop\/wp-content\/uploads\/2021\/04\/Bluetenhonig_Harrer_500g.jpg","contentUrl":"https:\/\/almenland.reisinger.st\/shop\/wp-content\/uploads\/2021\/04\/Bluetenhonig_Harrer_500g.jpg","width":2362,"height":2362},{"@type":"BreadcrumbList","@id":"https:\/\/almenland.reisinger.st\/shop\/produkt\/bluetenhonig-harrer\/#breadcrumb","itemListElement":[{"@type":"ListItem","position":1,"name":"Startseite","item":"https:\/\/almenland.reisinger.st\/shop\/"},{"@type":"ListItem","position":2,"name":"Shop","item":"https:\/\/almenland.reisinger.st\/shop\/shop\/"},{"@type":"ListItem","position":3,"name":"Steirischer Bl\u00fctenhonig"}]},{"@type":"WebSite","@id":"https:\/\/almenland.reisinger.st\/shop\/#website","url":"https:\/\/almenland.reisinger.st\/shop\/","name":"Almenland Shop Reisinger","description":"Eine weitere WordPress-Website","publisher":{"@id":"https:\/\/almenland.reisinger.st\/shop\/#organization"},"potentialAction":[{"@type":"SearchAction","target":{"@type":"EntryPoint","urlTemplate":"https:\/\/almenland.reisinger.st\/shop\/?s={search_term_string}"},"query-input":{"@type":"PropertyValueSpecification","valueRequired":true,"valueName":"search_term_string"}}],"inLanguage":"de"},{"@type":"Organization","@id":"https:\/\/almenland.reisinger.st\/shop\/#organization","name":"Almenland - Kaufhaus Reisinger","url":"https:\/\/almenland.reisinger.st\/shop\/","logo":{"@type":"ImageObject","inLanguage":"de","@id":"https:\/\/almenland.reisinger.st\/shop\/#\/schema\/logo\/image\/","url":"https:\/\/almenland.reisinger.st\/shop\/wp-content\/uploads\/2021\/01\/reisinger-logo.png","contentUrl":"https:\/\/almenland.reisinger.st\/shop\/wp-content\/uploads\/2021\/01\/reisinger-logo.png","width":259,"height":60,"caption":"Almenland - Kaufhaus Reisinger"},"image":{"@id":"https:\/\/almenland.reisinger.st\/shop\/#\/schema\/logo\/image\/"},"sameAs":["https:\/\/www.facebook.com\/Reisinger-Kaufhaus-116756108344807\/","https:\/\/www.instagram.com\/reisingerkaufhaus"]}]}},"_links":{"self":[{"href":"https:\/\/almenland.reisinger.st\/shop\/wp-json\/wp\/v2\/product\/318","targetHints":{"allow":["GET"]}}],"collection":[{"href":"https:\/\/almenland.reisinger.st\/shop\/wp-json\/wp\/v2\/product"}],"about":[{"href":"https:\/\/almenland.reisinger.st\/shop\/wp-json\/wp\/v2\/types\/product"}],"wp:featuredmedia":[{"embeddable":true,"href":"https:\/\/almenland.reisinger.st\/shop\/wp-json\/wp\/v2\/media\/319"}],"wp:attachment":[{"href":"https:\/\/almenland.reisinger.st\/shop\/wp-json\/wp\/v2\/media?parent=318"}],"wp:term":[{"taxonomy":"product_brand","embeddable":true,"href":"https:\/\/almenland.reisinger.st\/shop\/wp-json\/wp\/v2\/product_brand?post=318"},{"taxonomy":"product_cat","embeddable":true,"href":"https:\/\/almenland.reisinger.st\/shop\/wp-json\/wp\/v2\/product_cat?post=318"},{"taxonomy":"product_tag","embeddable":true,"href":"https:\/\/almenland.reisinger.st\/shop\/wp-json\/wp\/v2\/product_tag?post=318"}],"curies":[{"name":"wp","href":"https:\/\/api.w.org\/{rel}","templated":true}]}}