{"id":349,"date":"2021-04-28T11:41:27","date_gmt":"2021-04-28T09:41:27","guid":{"rendered":"https:\/\/almenland.reisinger.st\/wp-shop\/?post_type=product&#038;p=349"},"modified":"2023-01-12T13:21:33","modified_gmt":"2023-01-12T12:21:33","slug":"almenland-spezialitaeten-brombeermarmelade","status":"publish","type":"product","link":"https:\/\/almenland.reisinger.st\/shop\/produkt\/almenland-spezialitaeten-brombeermarmelade\/","title":{"rendered":"Almenland Brombeer Marmelade"},"content":{"rendered":"<p>S\u00fc\u00dfe Brombeeren aus der Region werden handgemacht und nach alter Tradition zu dieser Marmelade gefertigt. Sehr beliebt und einfach k\u00f6stlich!<\/p>\n<p>Die Marmelade wird in der hauseigenen K\u00fcche im Kaufhaus Reisinger zubereitet und abgef\u00fcllt.<\/p>\n","protected":false},"excerpt":{"rendered":"<p>260 g<\/p>\n<p>Zutaten: Brombeeren, Zucker, Geliermittel: Pektine, S\u00e4uerungsmittel: Zitronens\u00e4ure, Konservierungsstoff: Sorbins\u00e4ure<\/p>\n<p>Fruchtherkunft: Obstbau Macher, Leska bei Weiz<\/p>\n","protected":false},"featured_media":350,"template":"","meta":{"_acf_changed":false},"product_brand":[],"product_cat":[56],"product_tag":[110,111,108],"class_list":{"0":"post-349","1":"product","2":"type-product","3":"status-publish","4":"has-post-thumbnail","6":"product_cat-marmeladen","7":"product_tag-almenland-spezialitaeten","8":"product_tag-brombeer","9":"product_tag-marmelade","11":"first","12":"instock","13":"taxable","14":"shipping-taxable","15":"purchasable","16":"product-type-simple"},"acf":[],"yoast_head":"<!-- This site is optimized with the Yoast SEO plugin v27.0 - https:\/\/yoast.com\/product\/yoast-seo-wordpress\/ -->\n<title>Almenland Brombeer Marmelade &#8212; Almenland Shop Reisinger<\/title>\n<meta name=\"robots\" content=\"index, follow, max-snippet:-1, max-image-preview:large, max-video-preview:-1\" \/>\n<link rel=\"canonical\" href=\"https:\/\/almenland.reisinger.st\/shop\/produkt\/almenland-spezialitaeten-brombeermarmelade\/\" \/>\n<meta property=\"og:locale\" content=\"de_DE\" \/>\n<meta property=\"og:type\" content=\"article\" \/>\n<meta property=\"og:title\" content=\"Almenland Brombeer Marmelade &#8212; Almenland Shop Reisinger\" \/>\n<meta property=\"og:description\" content=\"260 g  Zutaten: Brombeeren, Zucker, Geliermittel: Pektine, S\u00e4uerungsmittel: Zitronens\u00e4ure, Konservierungsstoff: Sorbins\u00e4ure  Fruchtherkunft: Obstbau Macher, Leska bei Weiz\" \/>\n<meta property=\"og:url\" content=\"https:\/\/almenland.reisinger.st\/shop\/produkt\/almenland-spezialitaeten-brombeermarmelade\/\" \/>\n<meta property=\"og:site_name\" content=\"Almenland Shop Reisinger\" \/>\n<meta property=\"article:publisher\" content=\"https:\/\/www.facebook.com\/Reisinger-Kaufhaus-116756108344807\/\" \/>\n<meta property=\"article:modified_time\" content=\"2023-01-12T12:21:33+00:00\" \/>\n<meta property=\"og:image\" content=\"https:\/\/almenland.reisinger.st\/shop\/wp-content\/uploads\/2021\/04\/Brombeermarmelade_Reisinger_260g.jpg\" \/>\n\t<meta property=\"og:image:width\" content=\"2362\" \/>\n\t<meta property=\"og:image:height\" content=\"2362\" \/>\n\t<meta property=\"og:image:type\" content=\"image\/jpeg\" \/>\n<meta name=\"twitter:card\" content=\"summary_large_image\" \/>\n<meta name=\"twitter:label1\" content=\"Gesch\u00e4tzte Lesezeit\" \/>\n\t<meta name=\"twitter:data1\" content=\"1\u00a0Minute\" \/>\n<script type=\"application\/ld+json\" class=\"yoast-schema-graph\">{\"@context\":\"https:\/\/schema.org\",\"@graph\":[{\"@type\":\"WebPage\",\"@id\":\"https:\/\/almenland.reisinger.st\/shop\/produkt\/almenland-spezialitaeten-brombeermarmelade\/\",\"url\":\"https:\/\/almenland.reisinger.st\/shop\/produkt\/almenland-spezialitaeten-brombeermarmelade\/\",\"name\":\"Almenland Brombeer Marmelade &#8212; Almenland Shop Reisinger\",\"isPartOf\":{\"@id\":\"https:\/\/almenland.reisinger.st\/shop\/#website\"},\"primaryImageOfPage\":{\"@id\":\"https:\/\/almenland.reisinger.st\/shop\/produkt\/almenland-spezialitaeten-brombeermarmelade\/#primaryimage\"},\"image\":{\"@id\":\"https:\/\/almenland.reisinger.st\/shop\/produkt\/almenland-spezialitaeten-brombeermarmelade\/#primaryimage\"},\"thumbnailUrl\":\"https:\/\/almenland.reisinger.st\/shop\/wp-content\/uploads\/2021\/04\/Brombeermarmelade_Reisinger_260g.jpg\",\"datePublished\":\"2021-04-28T09:41:27+00:00\",\"dateModified\":\"2023-01-12T12:21:33+00:00\",\"breadcrumb\":{\"@id\":\"https:\/\/almenland.reisinger.st\/shop\/produkt\/almenland-spezialitaeten-brombeermarmelade\/#breadcrumb\"},\"inLanguage\":\"de\",\"potentialAction\":[{\"@type\":\"ReadAction\",\"target\":[\"https:\/\/almenland.reisinger.st\/shop\/produkt\/almenland-spezialitaeten-brombeermarmelade\/\"]}]},{\"@type\":\"ImageObject\",\"inLanguage\":\"de\",\"@id\":\"https:\/\/almenland.reisinger.st\/shop\/produkt\/almenland-spezialitaeten-brombeermarmelade\/#primaryimage\",\"url\":\"https:\/\/almenland.reisinger.st\/shop\/wp-content\/uploads\/2021\/04\/Brombeermarmelade_Reisinger_260g.jpg\",\"contentUrl\":\"https:\/\/almenland.reisinger.st\/shop\/wp-content\/uploads\/2021\/04\/Brombeermarmelade_Reisinger_260g.jpg\",\"width\":2362,\"height\":2362},{\"@type\":\"BreadcrumbList\",\"@id\":\"https:\/\/almenland.reisinger.st\/shop\/produkt\/almenland-spezialitaeten-brombeermarmelade\/#breadcrumb\",\"itemListElement\":[{\"@type\":\"ListItem\",\"position\":1,\"name\":\"Startseite\",\"item\":\"https:\/\/almenland.reisinger.st\/shop\/\"},{\"@type\":\"ListItem\",\"position\":2,\"name\":\"Shop\",\"item\":\"https:\/\/almenland.reisinger.st\/shop\/shop\/\"},{\"@type\":\"ListItem\",\"position\":3,\"name\":\"Almenland Brombeer Marmelade\"}]},{\"@type\":\"WebSite\",\"@id\":\"https:\/\/almenland.reisinger.st\/shop\/#website\",\"url\":\"https:\/\/almenland.reisinger.st\/shop\/\",\"name\":\"Almenland Shop Reisinger\",\"description\":\"Eine weitere WordPress-Website\",\"publisher\":{\"@id\":\"https:\/\/almenland.reisinger.st\/shop\/#organization\"},\"potentialAction\":[{\"@type\":\"SearchAction\",\"target\":{\"@type\":\"EntryPoint\",\"urlTemplate\":\"https:\/\/almenland.reisinger.st\/shop\/?s={search_term_string}\"},\"query-input\":{\"@type\":\"PropertyValueSpecification\",\"valueRequired\":true,\"valueName\":\"search_term_string\"}}],\"inLanguage\":\"de\"},{\"@type\":\"Organization\",\"@id\":\"https:\/\/almenland.reisinger.st\/shop\/#organization\",\"name\":\"Almenland - Kaufhaus Reisinger\",\"url\":\"https:\/\/almenland.reisinger.st\/shop\/\",\"logo\":{\"@type\":\"ImageObject\",\"inLanguage\":\"de\",\"@id\":\"https:\/\/almenland.reisinger.st\/shop\/#\/schema\/logo\/image\/\",\"url\":\"https:\/\/almenland.reisinger.st\/shop\/wp-content\/uploads\/2021\/01\/reisinger-logo.png\",\"contentUrl\":\"https:\/\/almenland.reisinger.st\/shop\/wp-content\/uploads\/2021\/01\/reisinger-logo.png\",\"width\":259,\"height\":60,\"caption\":\"Almenland - Kaufhaus Reisinger\"},\"image\":{\"@id\":\"https:\/\/almenland.reisinger.st\/shop\/#\/schema\/logo\/image\/\"},\"sameAs\":[\"https:\/\/www.facebook.com\/Reisinger-Kaufhaus-116756108344807\/\",\"https:\/\/www.instagram.com\/reisingerkaufhaus\"]}]}<\/script>\n<!-- \/ Yoast SEO plugin. -->","yoast_head_json":{"title":"Almenland Brombeer Marmelade &#8212; Almenland Shop Reisinger","robots":{"index":"index","follow":"follow","max-snippet":"max-snippet:-1","max-image-preview":"max-image-preview:large","max-video-preview":"max-video-preview:-1"},"canonical":"https:\/\/almenland.reisinger.st\/shop\/produkt\/almenland-spezialitaeten-brombeermarmelade\/","og_locale":"de_DE","og_type":"article","og_title":"Almenland Brombeer Marmelade &#8212; Almenland Shop Reisinger","og_description":"260 g  Zutaten: Brombeeren, Zucker, Geliermittel: Pektine, S\u00e4uerungsmittel: Zitronens\u00e4ure, Konservierungsstoff: Sorbins\u00e4ure  Fruchtherkunft: Obstbau Macher, Leska bei Weiz","og_url":"https:\/\/almenland.reisinger.st\/shop\/produkt\/almenland-spezialitaeten-brombeermarmelade\/","og_site_name":"Almenland Shop Reisinger","article_publisher":"https:\/\/www.facebook.com\/Reisinger-Kaufhaus-116756108344807\/","article_modified_time":"2023-01-12T12:21:33+00:00","og_image":[{"width":2362,"height":2362,"url":"https:\/\/almenland.reisinger.st\/shop\/wp-content\/uploads\/2021\/04\/Brombeermarmelade_Reisinger_260g.jpg","type":"image\/jpeg"}],"twitter_card":"summary_large_image","twitter_misc":{"Gesch\u00e4tzte Lesezeit":"1\u00a0Minute"},"schema":{"@context":"https:\/\/schema.org","@graph":[{"@type":"WebPage","@id":"https:\/\/almenland.reisinger.st\/shop\/produkt\/almenland-spezialitaeten-brombeermarmelade\/","url":"https:\/\/almenland.reisinger.st\/shop\/produkt\/almenland-spezialitaeten-brombeermarmelade\/","name":"Almenland Brombeer Marmelade &#8212; Almenland Shop Reisinger","isPartOf":{"@id":"https:\/\/almenland.reisinger.st\/shop\/#website"},"primaryImageOfPage":{"@id":"https:\/\/almenland.reisinger.st\/shop\/produkt\/almenland-spezialitaeten-brombeermarmelade\/#primaryimage"},"image":{"@id":"https:\/\/almenland.reisinger.st\/shop\/produkt\/almenland-spezialitaeten-brombeermarmelade\/#primaryimage"},"thumbnailUrl":"https:\/\/almenland.reisinger.st\/shop\/wp-content\/uploads\/2021\/04\/Brombeermarmelade_Reisinger_260g.jpg","datePublished":"2021-04-28T09:41:27+00:00","dateModified":"2023-01-12T12:21:33+00:00","breadcrumb":{"@id":"https:\/\/almenland.reisinger.st\/shop\/produkt\/almenland-spezialitaeten-brombeermarmelade\/#breadcrumb"},"inLanguage":"de","potentialAction":[{"@type":"ReadAction","target":["https:\/\/almenland.reisinger.st\/shop\/produkt\/almenland-spezialitaeten-brombeermarmelade\/"]}]},{"@type":"ImageObject","inLanguage":"de","@id":"https:\/\/almenland.reisinger.st\/shop\/produkt\/almenland-spezialitaeten-brombeermarmelade\/#primaryimage","url":"https:\/\/almenland.reisinger.st\/shop\/wp-content\/uploads\/2021\/04\/Brombeermarmelade_Reisinger_260g.jpg","contentUrl":"https:\/\/almenland.reisinger.st\/shop\/wp-content\/uploads\/2021\/04\/Brombeermarmelade_Reisinger_260g.jpg","width":2362,"height":2362},{"@type":"BreadcrumbList","@id":"https:\/\/almenland.reisinger.st\/shop\/produkt\/almenland-spezialitaeten-brombeermarmelade\/#breadcrumb","itemListElement":[{"@type":"ListItem","position":1,"name":"Startseite","item":"https:\/\/almenland.reisinger.st\/shop\/"},{"@type":"ListItem","position":2,"name":"Shop","item":"https:\/\/almenland.reisinger.st\/shop\/shop\/"},{"@type":"ListItem","position":3,"name":"Almenland Brombeer Marmelade"}]},{"@type":"WebSite","@id":"https:\/\/almenland.reisinger.st\/shop\/#website","url":"https:\/\/almenland.reisinger.st\/shop\/","name":"Almenland Shop Reisinger","description":"Eine weitere WordPress-Website","publisher":{"@id":"https:\/\/almenland.reisinger.st\/shop\/#organization"},"potentialAction":[{"@type":"SearchAction","target":{"@type":"EntryPoint","urlTemplate":"https:\/\/almenland.reisinger.st\/shop\/?s={search_term_string}"},"query-input":{"@type":"PropertyValueSpecification","valueRequired":true,"valueName":"search_term_string"}}],"inLanguage":"de"},{"@type":"Organization","@id":"https:\/\/almenland.reisinger.st\/shop\/#organization","name":"Almenland - Kaufhaus Reisinger","url":"https:\/\/almenland.reisinger.st\/shop\/","logo":{"@type":"ImageObject","inLanguage":"de","@id":"https:\/\/almenland.reisinger.st\/shop\/#\/schema\/logo\/image\/","url":"https:\/\/almenland.reisinger.st\/shop\/wp-content\/uploads\/2021\/01\/reisinger-logo.png","contentUrl":"https:\/\/almenland.reisinger.st\/shop\/wp-content\/uploads\/2021\/01\/reisinger-logo.png","width":259,"height":60,"caption":"Almenland - Kaufhaus Reisinger"},"image":{"@id":"https:\/\/almenland.reisinger.st\/shop\/#\/schema\/logo\/image\/"},"sameAs":["https:\/\/www.facebook.com\/Reisinger-Kaufhaus-116756108344807\/","https:\/\/www.instagram.com\/reisingerkaufhaus"]}]}},"_links":{"self":[{"href":"https:\/\/almenland.reisinger.st\/shop\/wp-json\/wp\/v2\/product\/349","targetHints":{"allow":["GET"]}}],"collection":[{"href":"https:\/\/almenland.reisinger.st\/shop\/wp-json\/wp\/v2\/product"}],"about":[{"href":"https:\/\/almenland.reisinger.st\/shop\/wp-json\/wp\/v2\/types\/product"}],"wp:featuredmedia":[{"embeddable":true,"href":"https:\/\/almenland.reisinger.st\/shop\/wp-json\/wp\/v2\/media\/350"}],"wp:attachment":[{"href":"https:\/\/almenland.reisinger.st\/shop\/wp-json\/wp\/v2\/media?parent=349"}],"wp:term":[{"taxonomy":"product_brand","embeddable":true,"href":"https:\/\/almenland.reisinger.st\/shop\/wp-json\/wp\/v2\/product_brand?post=349"},{"taxonomy":"product_cat","embeddable":true,"href":"https:\/\/almenland.reisinger.st\/shop\/wp-json\/wp\/v2\/product_cat?post=349"},{"taxonomy":"product_tag","embeddable":true,"href":"https:\/\/almenland.reisinger.st\/shop\/wp-json\/wp\/v2\/product_tag?post=349"}],"curies":[{"name":"wp","href":"https:\/\/api.w.org\/{rel}","templated":true}]}}