{"id":398,"date":"2021-08-16T21:05:32","date_gmt":"2021-08-16T19:05:32","guid":{"rendered":"https:\/\/almenland.reisinger.st\/wp-shop\/?post_type=product&#038;p=398"},"modified":"2025-02-20T14:40:16","modified_gmt":"2025-02-20T13:40:16","slug":"arzberger-bellino-almenland-stollenkaese","status":"publish","type":"product","link":"https:\/\/almenland.reisinger.st\/shop\/produkt\/arzberger-bellino-almenland-stollenkaese\/","title":{"rendered":"Arzberger Bellino Almenland Stollenk\u00e4se"},"content":{"rendered":"<p>Weichk\u00e4se aus 100 % frischer Schafmilch.<br \/>\nHergestellt in der Sennerei Leitner, Tulwitz \u2013 im Stollen gereift und mit Rotkultur gepflegt.<\/p>\n<div class=\"col grid_1_2\">\n<p>Au\u00dfen: Die Oberfl\u00e4che erh\u00e4lt durch die Rotkulturpflege eine hellorange bis orange Farbe, vereinzelt legt sich darauf der feine Milchschimmel.<br \/>\nInnen: Cremewei\u00dfer Teig, weich, elastisch und schlie\u00dft vereinzelte Bruchl\u00f6cher ein<br \/>\nGeschmack: Dezenter Duft erinnert an frische Wiesenkr\u00e4uter. Zergeht am Gaumen, mild aromatischer Geschmack mit einer fein s\u00e4uerlichen Note.<br \/>\nReifezeit: 6\u20138 Wochen<\/p>\n<p>Ein optimaler Weichk\u00e4se f\u00fcr den Genuss mit fruchtigem Wein.<\/p>\n<p>Auszeichnungen:<br \/>\nWorld Cheese Award 2014 &#8211; Supergold<br \/>\nWorld Championship Cheese Contest 2012 &#8211; Gold<br \/>\nund viele weitere Pr\u00e4mierungen.<\/p>\n<\/div>\n<div class=\"col grid_1_2\"><\/div>\n","protected":false},"excerpt":{"rendered":"<p>ca. 180 g St\u00fcck<\/p>\n<p>Herkunft: Almenland Stollenk\u00e4se GmbH<\/p>\n<p>Stollenreifung, sehr mildes Aroma<br \/>\nReifezeit: mind. 6 &#8211; 8 Wochen<\/p>\n<p>55 % F.i.T.<\/p>\n","protected":false},"featured_media":400,"template":"","meta":{"_acf_changed":false},"product_brand":[],"product_cat":[38],"product_tag":[68,110,155,154],"class_list":{"0":"post-398","1":"product","2":"type-product","3":"status-publish","4":"has-post-thumbnail","6":"product_cat-kaese","7":"product_tag-almenland","8":"product_tag-almenland-spezialitaeten","9":"product_tag-almenland-stollenkaese","10":"product_tag-kaese","12":"first","13":"outofstock","14":"taxable","15":"shipping-taxable","16":"purchasable","17":"product-type-simple"},"acf":[],"yoast_head":"<!-- This site is optimized with the Yoast SEO plugin v27.0 - https:\/\/yoast.com\/product\/yoast-seo-wordpress\/ -->\n<title>Arzberger Bellino Almenland Stollenk\u00e4se &#8212; Almenland Shop Reisinger<\/title>\n<meta name=\"robots\" content=\"index, follow, max-snippet:-1, max-image-preview:large, max-video-preview:-1\" \/>\n<link rel=\"canonical\" href=\"https:\/\/almenland.reisinger.st\/shop\/produkt\/arzberger-bellino-almenland-stollenkaese\/\" \/>\n<meta property=\"og:locale\" content=\"de_DE\" \/>\n<meta property=\"og:type\" content=\"article\" \/>\n<meta property=\"og:title\" content=\"Arzberger Bellino Almenland Stollenk\u00e4se &#8212; Almenland Shop Reisinger\" \/>\n<meta property=\"og:description\" content=\"ca. 180 g St\u00fcck  Herkunft: Almenland Stollenk\u00e4se GmbH  Stollenreifung, sehr mildes Aroma Reifezeit: mind. 6 - 8 Wochen  55 % F.i.T.\" \/>\n<meta property=\"og:url\" content=\"https:\/\/almenland.reisinger.st\/shop\/produkt\/arzberger-bellino-almenland-stollenkaese\/\" \/>\n<meta property=\"og:site_name\" content=\"Almenland Shop Reisinger\" \/>\n<meta property=\"article:publisher\" content=\"https:\/\/www.facebook.com\/Reisinger-Kaufhaus-116756108344807\/\" \/>\n<meta property=\"article:modified_time\" content=\"2025-02-20T13:40:16+00:00\" \/>\n<meta property=\"og:image\" content=\"https:\/\/almenland.reisinger.st\/shop\/wp-content\/uploads\/2021\/04\/Bellino-Laib.jpg\" \/>\n\t<meta property=\"og:image:width\" content=\"1181\" \/>\n\t<meta property=\"og:image:height\" content=\"1197\" \/>\n\t<meta property=\"og:image:type\" content=\"image\/jpeg\" \/>\n<meta name=\"twitter:card\" content=\"summary_large_image\" \/>\n<meta name=\"twitter:label1\" content=\"Gesch\u00e4tzte Lesezeit\" \/>\n\t<meta name=\"twitter:data1\" content=\"1\u00a0Minute\" \/>\n<script type=\"application\/ld+json\" class=\"yoast-schema-graph\">{\"@context\":\"https:\/\/schema.org\",\"@graph\":[{\"@type\":\"WebPage\",\"@id\":\"https:\/\/almenland.reisinger.st\/shop\/produkt\/arzberger-bellino-almenland-stollenkaese\/\",\"url\":\"https:\/\/almenland.reisinger.st\/shop\/produkt\/arzberger-bellino-almenland-stollenkaese\/\",\"name\":\"Arzberger Bellino Almenland Stollenk\u00e4se &#8212; Almenland Shop Reisinger\",\"isPartOf\":{\"@id\":\"https:\/\/almenland.reisinger.st\/shop\/#website\"},\"primaryImageOfPage\":{\"@id\":\"https:\/\/almenland.reisinger.st\/shop\/produkt\/arzberger-bellino-almenland-stollenkaese\/#primaryimage\"},\"image\":{\"@id\":\"https:\/\/almenland.reisinger.st\/shop\/produkt\/arzberger-bellino-almenland-stollenkaese\/#primaryimage\"},\"thumbnailUrl\":\"https:\/\/almenland.reisinger.st\/shop\/wp-content\/uploads\/2021\/04\/Bellino-Laib.jpg\",\"datePublished\":\"2021-08-16T19:05:32+00:00\",\"dateModified\":\"2025-02-20T13:40:16+00:00\",\"breadcrumb\":{\"@id\":\"https:\/\/almenland.reisinger.st\/shop\/produkt\/arzberger-bellino-almenland-stollenkaese\/#breadcrumb\"},\"inLanguage\":\"de\",\"potentialAction\":[{\"@type\":\"ReadAction\",\"target\":[\"https:\/\/almenland.reisinger.st\/shop\/produkt\/arzberger-bellino-almenland-stollenkaese\/\"]}]},{\"@type\":\"ImageObject\",\"inLanguage\":\"de\",\"@id\":\"https:\/\/almenland.reisinger.st\/shop\/produkt\/arzberger-bellino-almenland-stollenkaese\/#primaryimage\",\"url\":\"https:\/\/almenland.reisinger.st\/shop\/wp-content\/uploads\/2021\/04\/Bellino-Laib.jpg\",\"contentUrl\":\"https:\/\/almenland.reisinger.st\/shop\/wp-content\/uploads\/2021\/04\/Bellino-Laib.jpg\",\"width\":1181,\"height\":1197},{\"@type\":\"BreadcrumbList\",\"@id\":\"https:\/\/almenland.reisinger.st\/shop\/produkt\/arzberger-bellino-almenland-stollenkaese\/#breadcrumb\",\"itemListElement\":[{\"@type\":\"ListItem\",\"position\":1,\"name\":\"Startseite\",\"item\":\"https:\/\/almenland.reisinger.st\/shop\/\"},{\"@type\":\"ListItem\",\"position\":2,\"name\":\"Shop\",\"item\":\"https:\/\/almenland.reisinger.st\/shop\/shop\/\"},{\"@type\":\"ListItem\",\"position\":3,\"name\":\"Arzberger Bellino Almenland Stollenk\u00e4se\"}]},{\"@type\":\"WebSite\",\"@id\":\"https:\/\/almenland.reisinger.st\/shop\/#website\",\"url\":\"https:\/\/almenland.reisinger.st\/shop\/\",\"name\":\"Almenland Shop Reisinger\",\"description\":\"Eine weitere WordPress-Website\",\"publisher\":{\"@id\":\"https:\/\/almenland.reisinger.st\/shop\/#organization\"},\"potentialAction\":[{\"@type\":\"SearchAction\",\"target\":{\"@type\":\"EntryPoint\",\"urlTemplate\":\"https:\/\/almenland.reisinger.st\/shop\/?s={search_term_string}\"},\"query-input\":{\"@type\":\"PropertyValueSpecification\",\"valueRequired\":true,\"valueName\":\"search_term_string\"}}],\"inLanguage\":\"de\"},{\"@type\":\"Organization\",\"@id\":\"https:\/\/almenland.reisinger.st\/shop\/#organization\",\"name\":\"Almenland - Kaufhaus Reisinger\",\"url\":\"https:\/\/almenland.reisinger.st\/shop\/\",\"logo\":{\"@type\":\"ImageObject\",\"inLanguage\":\"de\",\"@id\":\"https:\/\/almenland.reisinger.st\/shop\/#\/schema\/logo\/image\/\",\"url\":\"https:\/\/almenland.reisinger.st\/shop\/wp-content\/uploads\/2021\/01\/reisinger-logo.png\",\"contentUrl\":\"https:\/\/almenland.reisinger.st\/shop\/wp-content\/uploads\/2021\/01\/reisinger-logo.png\",\"width\":259,\"height\":60,\"caption\":\"Almenland - Kaufhaus Reisinger\"},\"image\":{\"@id\":\"https:\/\/almenland.reisinger.st\/shop\/#\/schema\/logo\/image\/\"},\"sameAs\":[\"https:\/\/www.facebook.com\/Reisinger-Kaufhaus-116756108344807\/\",\"https:\/\/www.instagram.com\/reisingerkaufhaus\"]}]}<\/script>\n<!-- \/ Yoast SEO plugin. -->","yoast_head_json":{"title":"Arzberger Bellino Almenland Stollenk\u00e4se &#8212; Almenland Shop Reisinger","robots":{"index":"index","follow":"follow","max-snippet":"max-snippet:-1","max-image-preview":"max-image-preview:large","max-video-preview":"max-video-preview:-1"},"canonical":"https:\/\/almenland.reisinger.st\/shop\/produkt\/arzberger-bellino-almenland-stollenkaese\/","og_locale":"de_DE","og_type":"article","og_title":"Arzberger Bellino Almenland Stollenk\u00e4se &#8212; Almenland Shop Reisinger","og_description":"ca. 180 g St\u00fcck  Herkunft: Almenland Stollenk\u00e4se GmbH  Stollenreifung, sehr mildes Aroma Reifezeit: mind. 6 - 8 Wochen  55 % F.i.T.","og_url":"https:\/\/almenland.reisinger.st\/shop\/produkt\/arzberger-bellino-almenland-stollenkaese\/","og_site_name":"Almenland Shop Reisinger","article_publisher":"https:\/\/www.facebook.com\/Reisinger-Kaufhaus-116756108344807\/","article_modified_time":"2025-02-20T13:40:16+00:00","og_image":[{"width":1181,"height":1197,"url":"https:\/\/almenland.reisinger.st\/shop\/wp-content\/uploads\/2021\/04\/Bellino-Laib.jpg","type":"image\/jpeg"}],"twitter_card":"summary_large_image","twitter_misc":{"Gesch\u00e4tzte Lesezeit":"1\u00a0Minute"},"schema":{"@context":"https:\/\/schema.org","@graph":[{"@type":"WebPage","@id":"https:\/\/almenland.reisinger.st\/shop\/produkt\/arzberger-bellino-almenland-stollenkaese\/","url":"https:\/\/almenland.reisinger.st\/shop\/produkt\/arzberger-bellino-almenland-stollenkaese\/","name":"Arzberger Bellino Almenland Stollenk\u00e4se &#8212; Almenland Shop Reisinger","isPartOf":{"@id":"https:\/\/almenland.reisinger.st\/shop\/#website"},"primaryImageOfPage":{"@id":"https:\/\/almenland.reisinger.st\/shop\/produkt\/arzberger-bellino-almenland-stollenkaese\/#primaryimage"},"image":{"@id":"https:\/\/almenland.reisinger.st\/shop\/produkt\/arzberger-bellino-almenland-stollenkaese\/#primaryimage"},"thumbnailUrl":"https:\/\/almenland.reisinger.st\/shop\/wp-content\/uploads\/2021\/04\/Bellino-Laib.jpg","datePublished":"2021-08-16T19:05:32+00:00","dateModified":"2025-02-20T13:40:16+00:00","breadcrumb":{"@id":"https:\/\/almenland.reisinger.st\/shop\/produkt\/arzberger-bellino-almenland-stollenkaese\/#breadcrumb"},"inLanguage":"de","potentialAction":[{"@type":"ReadAction","target":["https:\/\/almenland.reisinger.st\/shop\/produkt\/arzberger-bellino-almenland-stollenkaese\/"]}]},{"@type":"ImageObject","inLanguage":"de","@id":"https:\/\/almenland.reisinger.st\/shop\/produkt\/arzberger-bellino-almenland-stollenkaese\/#primaryimage","url":"https:\/\/almenland.reisinger.st\/shop\/wp-content\/uploads\/2021\/04\/Bellino-Laib.jpg","contentUrl":"https:\/\/almenland.reisinger.st\/shop\/wp-content\/uploads\/2021\/04\/Bellino-Laib.jpg","width":1181,"height":1197},{"@type":"BreadcrumbList","@id":"https:\/\/almenland.reisinger.st\/shop\/produkt\/arzberger-bellino-almenland-stollenkaese\/#breadcrumb","itemListElement":[{"@type":"ListItem","position":1,"name":"Startseite","item":"https:\/\/almenland.reisinger.st\/shop\/"},{"@type":"ListItem","position":2,"name":"Shop","item":"https:\/\/almenland.reisinger.st\/shop\/shop\/"},{"@type":"ListItem","position":3,"name":"Arzberger Bellino Almenland Stollenk\u00e4se"}]},{"@type":"WebSite","@id":"https:\/\/almenland.reisinger.st\/shop\/#website","url":"https:\/\/almenland.reisinger.st\/shop\/","name":"Almenland Shop Reisinger","description":"Eine weitere WordPress-Website","publisher":{"@id":"https:\/\/almenland.reisinger.st\/shop\/#organization"},"potentialAction":[{"@type":"SearchAction","target":{"@type":"EntryPoint","urlTemplate":"https:\/\/almenland.reisinger.st\/shop\/?s={search_term_string}"},"query-input":{"@type":"PropertyValueSpecification","valueRequired":true,"valueName":"search_term_string"}}],"inLanguage":"de"},{"@type":"Organization","@id":"https:\/\/almenland.reisinger.st\/shop\/#organization","name":"Almenland - Kaufhaus Reisinger","url":"https:\/\/almenland.reisinger.st\/shop\/","logo":{"@type":"ImageObject","inLanguage":"de","@id":"https:\/\/almenland.reisinger.st\/shop\/#\/schema\/logo\/image\/","url":"https:\/\/almenland.reisinger.st\/shop\/wp-content\/uploads\/2021\/01\/reisinger-logo.png","contentUrl":"https:\/\/almenland.reisinger.st\/shop\/wp-content\/uploads\/2021\/01\/reisinger-logo.png","width":259,"height":60,"caption":"Almenland - Kaufhaus Reisinger"},"image":{"@id":"https:\/\/almenland.reisinger.st\/shop\/#\/schema\/logo\/image\/"},"sameAs":["https:\/\/www.facebook.com\/Reisinger-Kaufhaus-116756108344807\/","https:\/\/www.instagram.com\/reisingerkaufhaus"]}]}},"_links":{"self":[{"href":"https:\/\/almenland.reisinger.st\/shop\/wp-json\/wp\/v2\/product\/398","targetHints":{"allow":["GET"]}}],"collection":[{"href":"https:\/\/almenland.reisinger.st\/shop\/wp-json\/wp\/v2\/product"}],"about":[{"href":"https:\/\/almenland.reisinger.st\/shop\/wp-json\/wp\/v2\/types\/product"}],"wp:featuredmedia":[{"embeddable":true,"href":"https:\/\/almenland.reisinger.st\/shop\/wp-json\/wp\/v2\/media\/400"}],"wp:attachment":[{"href":"https:\/\/almenland.reisinger.st\/shop\/wp-json\/wp\/v2\/media?parent=398"}],"wp:term":[{"taxonomy":"product_brand","embeddable":true,"href":"https:\/\/almenland.reisinger.st\/shop\/wp-json\/wp\/v2\/product_brand?post=398"},{"taxonomy":"product_cat","embeddable":true,"href":"https:\/\/almenland.reisinger.st\/shop\/wp-json\/wp\/v2\/product_cat?post=398"},{"taxonomy":"product_tag","embeddable":true,"href":"https:\/\/almenland.reisinger.st\/shop\/wp-json\/wp\/v2\/product_tag?post=398"}],"curies":[{"name":"wp","href":"https:\/\/api.w.org\/{rel}","templated":true}]}}