{"id":528,"date":"2021-06-24T14:23:26","date_gmt":"2021-06-24T12:23:26","guid":{"rendered":"https:\/\/almenland.reisinger.st\/wp-shop\/?post_type=product&#038;p=528"},"modified":"2024-04-16T11:46:25","modified_gmt":"2024-04-16T09:46:25","slug":"almenland-stollenkaese-teichalmer","status":"publish","type":"product","link":"https:\/\/almenland.reisinger.st\/shop\/produkt\/almenland-stollenkaese-teichalmer\/","title":{"rendered":"Almenland Stollenk\u00e4se Teichalmer"},"content":{"rendered":"<p>Mild-feiner Hartk\u00e4se mit glatter Naturrinde im Arzberger Stollen bei konstanter Temperatur gereift. Hergestellt aus Heumilch der Region Almenland in der Sennerei Leitner in Tulwitz\/Fladnitz a.d. Teichalm.<\/p>\n<p>\u00c4u\u00dferes: Glatte, nat\u00fcrliche Rinde, durch die hohe Luftfeuchtigkeit im Stollen optimale Bedingungen f\u00fcr die Reifung dieses wunderbaren K\u00e4ses.<br \/>\nInneres: Hellgelber, weich-geschmeidiger cremiger Teig mit einer vereinzelt erbsengro\u00dfen Lochung.<br \/>\nGeschmack: Durch die optimalen klimatischen Voraussetzungen im Zuge der Reifung bekommt dieser K\u00e4se seinen einzigartigen frischen Geschmack. Der h\u00f6here Fettgehalt harmoniert sehr gut mit dem Charakter dieser K\u00e4sespezialit\u00e4t.<\/p>\n","protected":false},"excerpt":{"rendered":"<p>ca. 500 g-St\u00fcck<\/p>\n<p>Stollenreifung, feiner Hartk\u00e4se mit frischem Geschmack<\/p>\n<p>Reifezeit: mindestens 6 Monate, 50 % F.i.T<\/p>\n<p>Auszeichnungen:\u00a0\u00a032. World Championship Cheese Contest 2018 &#8211;\u00a0GOLD<\/p>\n","protected":false},"featured_media":529,"template":"","meta":{"_acf_changed":false},"product_brand":[],"product_cat":[38],"product_tag":[155,202,154,203],"class_list":{"0":"post-528","1":"product","2":"type-product","3":"status-publish","4":"has-post-thumbnail","6":"product_cat-kaese","7":"product_tag-almenland-stollenkaese","8":"product_tag-arzberger-silberstollen","9":"product_tag-kaese","10":"product_tag-teichalmer","12":"first","13":"instock","14":"taxable","15":"shipping-taxable","16":"purchasable","17":"product-type-simple"},"acf":[],"yoast_head":"<!-- This site is optimized with the Yoast SEO plugin v27.0 - https:\/\/yoast.com\/product\/yoast-seo-wordpress\/ -->\n<title>Almenland Stollenk\u00e4se Teichalmer &#8212; Almenland Shop Reisinger<\/title>\n<meta name=\"robots\" content=\"index, follow, max-snippet:-1, max-image-preview:large, max-video-preview:-1\" \/>\n<link rel=\"canonical\" href=\"https:\/\/almenland.reisinger.st\/shop\/produkt\/almenland-stollenkaese-teichalmer\/\" \/>\n<meta property=\"og:locale\" content=\"de_DE\" \/>\n<meta property=\"og:type\" content=\"article\" \/>\n<meta property=\"og:title\" content=\"Almenland Stollenk\u00e4se Teichalmer &#8212; Almenland Shop Reisinger\" \/>\n<meta property=\"og:description\" content=\"ca. 500 g-St\u00fcck  Stollenreifung, feiner Hartk\u00e4se mit frischem Geschmack  Reifezeit: mindestens 6 Monate, 50 % F.i.T  Auszeichnungen:\u00a0\u00a032. World Championship Cheese Contest 2018 -\u00a0GOLD\" \/>\n<meta property=\"og:url\" content=\"https:\/\/almenland.reisinger.st\/shop\/produkt\/almenland-stollenkaese-teichalmer\/\" \/>\n<meta property=\"og:site_name\" content=\"Almenland Shop Reisinger\" \/>\n<meta property=\"article:publisher\" content=\"https:\/\/www.facebook.com\/Reisinger-Kaufhaus-116756108344807\/\" \/>\n<meta property=\"article:modified_time\" content=\"2024-04-16T09:46:25+00:00\" \/>\n<meta property=\"og:image\" content=\"https:\/\/almenland.reisinger.st\/shop\/wp-content\/uploads\/2021\/06\/Teichalmer-achtel.jpg\" \/>\n\t<meta property=\"og:image:width\" content=\"1181\" \/>\n\t<meta property=\"og:image:height\" content=\"1277\" \/>\n\t<meta property=\"og:image:type\" content=\"image\/jpeg\" \/>\n<meta name=\"twitter:card\" content=\"summary_large_image\" \/>\n<meta name=\"twitter:label1\" content=\"Gesch\u00e4tzte Lesezeit\" \/>\n\t<meta name=\"twitter:data1\" content=\"1\u00a0Minute\" \/>\n<script type=\"application\/ld+json\" class=\"yoast-schema-graph\">{\"@context\":\"https:\/\/schema.org\",\"@graph\":[{\"@type\":\"WebPage\",\"@id\":\"https:\/\/almenland.reisinger.st\/shop\/produkt\/almenland-stollenkaese-teichalmer\/\",\"url\":\"https:\/\/almenland.reisinger.st\/shop\/produkt\/almenland-stollenkaese-teichalmer\/\",\"name\":\"Almenland Stollenk\u00e4se Teichalmer &#8212; Almenland Shop Reisinger\",\"isPartOf\":{\"@id\":\"https:\/\/almenland.reisinger.st\/shop\/#website\"},\"primaryImageOfPage\":{\"@id\":\"https:\/\/almenland.reisinger.st\/shop\/produkt\/almenland-stollenkaese-teichalmer\/#primaryimage\"},\"image\":{\"@id\":\"https:\/\/almenland.reisinger.st\/shop\/produkt\/almenland-stollenkaese-teichalmer\/#primaryimage\"},\"thumbnailUrl\":\"https:\/\/almenland.reisinger.st\/shop\/wp-content\/uploads\/2021\/06\/Teichalmer-achtel.jpg\",\"datePublished\":\"2021-06-24T12:23:26+00:00\",\"dateModified\":\"2024-04-16T09:46:25+00:00\",\"breadcrumb\":{\"@id\":\"https:\/\/almenland.reisinger.st\/shop\/produkt\/almenland-stollenkaese-teichalmer\/#breadcrumb\"},\"inLanguage\":\"de\",\"potentialAction\":[{\"@type\":\"ReadAction\",\"target\":[\"https:\/\/almenland.reisinger.st\/shop\/produkt\/almenland-stollenkaese-teichalmer\/\"]}]},{\"@type\":\"ImageObject\",\"inLanguage\":\"de\",\"@id\":\"https:\/\/almenland.reisinger.st\/shop\/produkt\/almenland-stollenkaese-teichalmer\/#primaryimage\",\"url\":\"https:\/\/almenland.reisinger.st\/shop\/wp-content\/uploads\/2021\/06\/Teichalmer-achtel.jpg\",\"contentUrl\":\"https:\/\/almenland.reisinger.st\/shop\/wp-content\/uploads\/2021\/06\/Teichalmer-achtel.jpg\",\"width\":1181,\"height\":1277},{\"@type\":\"BreadcrumbList\",\"@id\":\"https:\/\/almenland.reisinger.st\/shop\/produkt\/almenland-stollenkaese-teichalmer\/#breadcrumb\",\"itemListElement\":[{\"@type\":\"ListItem\",\"position\":1,\"name\":\"Startseite\",\"item\":\"https:\/\/almenland.reisinger.st\/shop\/\"},{\"@type\":\"ListItem\",\"position\":2,\"name\":\"Shop\",\"item\":\"https:\/\/almenland.reisinger.st\/shop\/shop\/\"},{\"@type\":\"ListItem\",\"position\":3,\"name\":\"Almenland Stollenk\u00e4se Teichalmer\"}]},{\"@type\":\"WebSite\",\"@id\":\"https:\/\/almenland.reisinger.st\/shop\/#website\",\"url\":\"https:\/\/almenland.reisinger.st\/shop\/\",\"name\":\"Almenland Shop Reisinger\",\"description\":\"Eine weitere WordPress-Website\",\"publisher\":{\"@id\":\"https:\/\/almenland.reisinger.st\/shop\/#organization\"},\"potentialAction\":[{\"@type\":\"SearchAction\",\"target\":{\"@type\":\"EntryPoint\",\"urlTemplate\":\"https:\/\/almenland.reisinger.st\/shop\/?s={search_term_string}\"},\"query-input\":{\"@type\":\"PropertyValueSpecification\",\"valueRequired\":true,\"valueName\":\"search_term_string\"}}],\"inLanguage\":\"de\"},{\"@type\":\"Organization\",\"@id\":\"https:\/\/almenland.reisinger.st\/shop\/#organization\",\"name\":\"Almenland - Kaufhaus Reisinger\",\"url\":\"https:\/\/almenland.reisinger.st\/shop\/\",\"logo\":{\"@type\":\"ImageObject\",\"inLanguage\":\"de\",\"@id\":\"https:\/\/almenland.reisinger.st\/shop\/#\/schema\/logo\/image\/\",\"url\":\"https:\/\/almenland.reisinger.st\/shop\/wp-content\/uploads\/2021\/01\/reisinger-logo.png\",\"contentUrl\":\"https:\/\/almenland.reisinger.st\/shop\/wp-content\/uploads\/2021\/01\/reisinger-logo.png\",\"width\":259,\"height\":60,\"caption\":\"Almenland - Kaufhaus Reisinger\"},\"image\":{\"@id\":\"https:\/\/almenland.reisinger.st\/shop\/#\/schema\/logo\/image\/\"},\"sameAs\":[\"https:\/\/www.facebook.com\/Reisinger-Kaufhaus-116756108344807\/\",\"https:\/\/www.instagram.com\/reisingerkaufhaus\"]}]}<\/script>\n<!-- \/ Yoast SEO plugin. -->","yoast_head_json":{"title":"Almenland Stollenk\u00e4se Teichalmer &#8212; Almenland Shop Reisinger","robots":{"index":"index","follow":"follow","max-snippet":"max-snippet:-1","max-image-preview":"max-image-preview:large","max-video-preview":"max-video-preview:-1"},"canonical":"https:\/\/almenland.reisinger.st\/shop\/produkt\/almenland-stollenkaese-teichalmer\/","og_locale":"de_DE","og_type":"article","og_title":"Almenland Stollenk\u00e4se Teichalmer &#8212; Almenland Shop Reisinger","og_description":"ca. 500 g-St\u00fcck  Stollenreifung, feiner Hartk\u00e4se mit frischem Geschmack  Reifezeit: mindestens 6 Monate, 50 % F.i.T  Auszeichnungen:\u00a0\u00a032. World Championship Cheese Contest 2018 -\u00a0GOLD","og_url":"https:\/\/almenland.reisinger.st\/shop\/produkt\/almenland-stollenkaese-teichalmer\/","og_site_name":"Almenland Shop Reisinger","article_publisher":"https:\/\/www.facebook.com\/Reisinger-Kaufhaus-116756108344807\/","article_modified_time":"2024-04-16T09:46:25+00:00","og_image":[{"width":1181,"height":1277,"url":"https:\/\/almenland.reisinger.st\/shop\/wp-content\/uploads\/2021\/06\/Teichalmer-achtel.jpg","type":"image\/jpeg"}],"twitter_card":"summary_large_image","twitter_misc":{"Gesch\u00e4tzte Lesezeit":"1\u00a0Minute"},"schema":{"@context":"https:\/\/schema.org","@graph":[{"@type":"WebPage","@id":"https:\/\/almenland.reisinger.st\/shop\/produkt\/almenland-stollenkaese-teichalmer\/","url":"https:\/\/almenland.reisinger.st\/shop\/produkt\/almenland-stollenkaese-teichalmer\/","name":"Almenland Stollenk\u00e4se Teichalmer &#8212; Almenland Shop Reisinger","isPartOf":{"@id":"https:\/\/almenland.reisinger.st\/shop\/#website"},"primaryImageOfPage":{"@id":"https:\/\/almenland.reisinger.st\/shop\/produkt\/almenland-stollenkaese-teichalmer\/#primaryimage"},"image":{"@id":"https:\/\/almenland.reisinger.st\/shop\/produkt\/almenland-stollenkaese-teichalmer\/#primaryimage"},"thumbnailUrl":"https:\/\/almenland.reisinger.st\/shop\/wp-content\/uploads\/2021\/06\/Teichalmer-achtel.jpg","datePublished":"2021-06-24T12:23:26+00:00","dateModified":"2024-04-16T09:46:25+00:00","breadcrumb":{"@id":"https:\/\/almenland.reisinger.st\/shop\/produkt\/almenland-stollenkaese-teichalmer\/#breadcrumb"},"inLanguage":"de","potentialAction":[{"@type":"ReadAction","target":["https:\/\/almenland.reisinger.st\/shop\/produkt\/almenland-stollenkaese-teichalmer\/"]}]},{"@type":"ImageObject","inLanguage":"de","@id":"https:\/\/almenland.reisinger.st\/shop\/produkt\/almenland-stollenkaese-teichalmer\/#primaryimage","url":"https:\/\/almenland.reisinger.st\/shop\/wp-content\/uploads\/2021\/06\/Teichalmer-achtel.jpg","contentUrl":"https:\/\/almenland.reisinger.st\/shop\/wp-content\/uploads\/2021\/06\/Teichalmer-achtel.jpg","width":1181,"height":1277},{"@type":"BreadcrumbList","@id":"https:\/\/almenland.reisinger.st\/shop\/produkt\/almenland-stollenkaese-teichalmer\/#breadcrumb","itemListElement":[{"@type":"ListItem","position":1,"name":"Startseite","item":"https:\/\/almenland.reisinger.st\/shop\/"},{"@type":"ListItem","position":2,"name":"Shop","item":"https:\/\/almenland.reisinger.st\/shop\/shop\/"},{"@type":"ListItem","position":3,"name":"Almenland Stollenk\u00e4se Teichalmer"}]},{"@type":"WebSite","@id":"https:\/\/almenland.reisinger.st\/shop\/#website","url":"https:\/\/almenland.reisinger.st\/shop\/","name":"Almenland Shop Reisinger","description":"Eine weitere WordPress-Website","publisher":{"@id":"https:\/\/almenland.reisinger.st\/shop\/#organization"},"potentialAction":[{"@type":"SearchAction","target":{"@type":"EntryPoint","urlTemplate":"https:\/\/almenland.reisinger.st\/shop\/?s={search_term_string}"},"query-input":{"@type":"PropertyValueSpecification","valueRequired":true,"valueName":"search_term_string"}}],"inLanguage":"de"},{"@type":"Organization","@id":"https:\/\/almenland.reisinger.st\/shop\/#organization","name":"Almenland - Kaufhaus Reisinger","url":"https:\/\/almenland.reisinger.st\/shop\/","logo":{"@type":"ImageObject","inLanguage":"de","@id":"https:\/\/almenland.reisinger.st\/shop\/#\/schema\/logo\/image\/","url":"https:\/\/almenland.reisinger.st\/shop\/wp-content\/uploads\/2021\/01\/reisinger-logo.png","contentUrl":"https:\/\/almenland.reisinger.st\/shop\/wp-content\/uploads\/2021\/01\/reisinger-logo.png","width":259,"height":60,"caption":"Almenland - Kaufhaus Reisinger"},"image":{"@id":"https:\/\/almenland.reisinger.st\/shop\/#\/schema\/logo\/image\/"},"sameAs":["https:\/\/www.facebook.com\/Reisinger-Kaufhaus-116756108344807\/","https:\/\/www.instagram.com\/reisingerkaufhaus"]}]}},"_links":{"self":[{"href":"https:\/\/almenland.reisinger.st\/shop\/wp-json\/wp\/v2\/product\/528","targetHints":{"allow":["GET"]}}],"collection":[{"href":"https:\/\/almenland.reisinger.st\/shop\/wp-json\/wp\/v2\/product"}],"about":[{"href":"https:\/\/almenland.reisinger.st\/shop\/wp-json\/wp\/v2\/types\/product"}],"wp:featuredmedia":[{"embeddable":true,"href":"https:\/\/almenland.reisinger.st\/shop\/wp-json\/wp\/v2\/media\/529"}],"wp:attachment":[{"href":"https:\/\/almenland.reisinger.st\/shop\/wp-json\/wp\/v2\/media?parent=528"}],"wp:term":[{"taxonomy":"product_brand","embeddable":true,"href":"https:\/\/almenland.reisinger.st\/shop\/wp-json\/wp\/v2\/product_brand?post=528"},{"taxonomy":"product_cat","embeddable":true,"href":"https:\/\/almenland.reisinger.st\/shop\/wp-json\/wp\/v2\/product_cat?post=528"},{"taxonomy":"product_tag","embeddable":true,"href":"https:\/\/almenland.reisinger.st\/shop\/wp-json\/wp\/v2\/product_tag?post=528"}],"curies":[{"name":"wp","href":"https:\/\/api.w.org\/{rel}","templated":true}]}}